{"id":12350,"date":"2020-11-23T13:43:24","date_gmt":"2020-11-23T13:43:24","guid":{"rendered":"http:\/\/temp.valleycrisiscenter.org\/?page_id=12350"},"modified":"2025-01-29T17:20:10","modified_gmt":"2025-01-29T17:20:10","slug":"mission-vision-values","status":"publish","type":"page","link":"https:\/\/valleycrisiscenter.org\/es\/about\/mission-vision-values\/","title":{"rendered":"Misi\u00f3n Visi\u00f3n Valores"},"content":{"rendered":"<div data-elementor-type=\"wp-page\" data-elementor-id=\"12350\" class=\"elementor elementor-12350\" data-elementor-post-type=\"page\">\n\t\t\t\t\t\t<section class=\"elementor-section elementor-top-section elementor-element elementor-element-447e0130 elementor-section-height-min-height elementor-section-content-middle elementor-section-boxed elementor-section-height-default elementor-section-items-middle\" data-id=\"447e0130\" data-element_type=\"section\" data-e-type=\"section\" data-settings=\"{&quot;background_background&quot;:&quot;classic&quot;,&quot;shape_divider_bottom&quot;:&quot;opacity-tilt&quot;}\">\n\t\t\t\t\t\t\t<div class=\"elementor-background-overlay\"><\/div>\n\t\t\t\t\t\t<div class=\"elementor-shape elementor-shape-bottom\" aria-hidden=\"true\" data-negative=\"false\">\n\t\t\t<svg xmlns=\"http:\/\/www.w3.org\/2000\/svg\" viewbox=\"0 0 2600 131.1\" preserveaspectratio=\"none\">\n\t<path class=\"elementor-shape-fill\" d=\"M0 0L2600 0 2600 69.1 0 0z\"\/>\n\t<path class=\"elementor-shape-fill\" style=\"opacity:0.5\" d=\"M0 0L2600 0 2600 69.1 0 69.1z\"\/>\n\t<path class=\"elementor-shape-fill\" style=\"opacity:0.25\" d=\"M2600 0L0 0 0 130.1 2600 69.1z\"\/>\n<\/svg>\t\t<\/div>\n\t\t\t\t\t<div class=\"elementor-container elementor-column-gap-extended\">\n\t\t\t\t\t<div class=\"elementor-column elementor-col-100 elementor-top-column elementor-element elementor-element-174627e0\" data-id=\"174627e0\" data-element_type=\"column\" data-e-type=\"column\">\n\t\t\t<div class=\"elementor-widget-wrap elementor-element-populated\">\n\t\t\t\t\t\t<div class=\"elementor-element elementor-element-7c2ea165 elementor-widget elementor-widget-heading\" data-id=\"7c2ea165\" data-element_type=\"widget\" data-e-type=\"widget\" data-settings=\"{&quot;_animation&quot;:&quot;none&quot;,&quot;_animation_tablet&quot;:&quot;none&quot;,&quot;_animation_mobile&quot;:&quot;none&quot;}\" data-widget_type=\"heading.default\">\n\t\t\t\t<div class=\"elementor-widget-container\">\n\t\t\t\t\t<h1 class=\"elementor-heading-title elementor-size-default\">Misi\u00f3n, visi\u00f3n y valores<\/h1>\t\t\t\t<\/div>\n\t\t\t\t<\/div>\n\t\t\t\t\t<\/div>\n\t\t<\/div>\n\t\t\t\t\t<\/div>\n\t\t<\/section>\n\t\t\t\t<section class=\"elementor-section elementor-top-section elementor-element elementor-element-b737998 elementor-section-boxed elementor-section-height-default elementor-section-height-default\" data-id=\"b737998\" data-element_type=\"section\" data-e-type=\"section\">\n\t\t\t\t\t\t<div class=\"elementor-container elementor-column-gap-default\">\n\t\t\t\t\t<div class=\"elementor-column elementor-col-100 elementor-top-column elementor-element elementor-element-b2d8c77\" data-id=\"b2d8c77\" data-element_type=\"column\" data-e-type=\"column\">\n\t\t\t<div class=\"elementor-widget-wrap elementor-element-populated\">\n\t\t\t\t\t\t<div class=\"elementor-element elementor-element-ddae298 elementor-widget elementor-widget-heading\" data-id=\"ddae298\" data-element_type=\"widget\" data-e-type=\"widget\" data-widget_type=\"heading.default\">\n\t\t\t\t<div class=\"elementor-widget-container\">\n\t\t\t\t\t<h2 class=\"elementor-heading-title elementor-size-default\">Nuestra misi\u00f3n<\/h2>\t\t\t\t<\/div>\n\t\t\t\t<\/div>\n\t\t\t\t\t<\/div>\n\t\t<\/div>\n\t\t\t\t\t<\/div>\n\t\t<\/section>\n\t\t\t\t<section class=\"elementor-section elementor-top-section elementor-element elementor-element-979f093 elementor-section-boxed elementor-section-height-default elementor-section-height-default\" data-id=\"979f093\" data-element_type=\"section\" data-e-type=\"section\">\n\t\t\t\t\t\t<div class=\"elementor-container elementor-column-gap-default\">\n\t\t\t\t\t<div class=\"elementor-column elementor-col-100 elementor-top-column elementor-element elementor-element-6c69484\" data-id=\"6c69484\" data-element_type=\"column\" data-e-type=\"column\">\n\t\t\t<div class=\"elementor-widget-wrap elementor-element-populated\">\n\t\t\t\t\t\t<div class=\"elementor-element elementor-element-1b59c75 elementor-widget elementor-widget-text-editor\" data-id=\"1b59c75\" data-element_type=\"widget\" data-e-type=\"widget\" data-widget_type=\"text-editor.default\">\n\t\t\t\t<div class=\"elementor-widget-container\">\n\t\t\t\t\t\t\t\t\t<p style=\"margin: 0in 0in 0.25in; background-image: initial; background-position: initial; background-size: initial; background-repeat: initial; background-attachment: initial; background-origin: initial; background-clip: initial;\"><span style=\"font-size: 11.5pt; font-family: Roboto, serif; letter-spacing: 0.4pt;\">Valley Crisis Center y sus programas asociados tratan de prevenir la violencia dom\u00e9stica y sexual y la trata de seres humanos abogando por cambios positivos en los sistemas sociales que pueden conducir a la opresi\u00f3n, fomentando una mejor comprensi\u00f3n de la violencia dom\u00e9stica y sexual y la trata de seres humanos a trav\u00e9s de la educaci\u00f3n de la comunidad y prestando servicios directos que capaciten a las v\u00edctimas de abusos y a sus hijos.<\/span><\/p>\t\t\t\t\t\t\t\t<\/div>\n\t\t\t\t<\/div>\n\t\t\t\t\t<\/div>\n\t\t<\/div>\n\t\t\t\t\t<\/div>\n\t\t<\/section>\n\t\t\t\t<section class=\"elementor-section elementor-top-section elementor-element elementor-element-a6fa6c8 elementor-section-boxed elementor-section-height-default elementor-section-height-default\" data-id=\"a6fa6c8\" data-element_type=\"section\" data-e-type=\"section\">\n\t\t\t\t\t\t<div class=\"elementor-container elementor-column-gap-default\">\n\t\t\t\t\t<div class=\"elementor-column elementor-col-100 elementor-top-column elementor-element elementor-element-6f5309a\" data-id=\"6f5309a\" data-element_type=\"column\" data-e-type=\"column\">\n\t\t\t<div class=\"elementor-widget-wrap elementor-element-populated\">\n\t\t\t\t\t\t<div class=\"elementor-element elementor-element-82be97d elementor-widget elementor-widget-heading\" data-id=\"82be97d\" data-element_type=\"widget\" data-e-type=\"widget\" data-widget_type=\"heading.default\">\n\t\t\t\t<div class=\"elementor-widget-container\">\n\t\t\t\t\t<h2 class=\"elementor-heading-title elementor-size-default\">Nuestra visi\u00f3n<\/h2>\t\t\t\t<\/div>\n\t\t\t\t<\/div>\n\t\t\t\t\t<\/div>\n\t\t<\/div>\n\t\t\t\t\t<\/div>\n\t\t<\/section>\n\t\t\t\t<section class=\"elementor-section elementor-top-section elementor-element elementor-element-11f95fa elementor-section-boxed elementor-section-height-default elementor-section-height-default\" data-id=\"11f95fa\" data-element_type=\"section\" data-e-type=\"section\">\n\t\t\t\t\t\t<div class=\"elementor-container elementor-column-gap-default\">\n\t\t\t\t\t<div class=\"elementor-column elementor-col-100 elementor-top-column elementor-element elementor-element-571d7b8\" data-id=\"571d7b8\" data-element_type=\"column\" data-e-type=\"column\">\n\t\t\t<div class=\"elementor-widget-wrap elementor-element-populated\">\n\t\t\t\t\t\t<div class=\"elementor-element elementor-element-e770be5 elementor-widget elementor-widget-text-editor\" data-id=\"e770be5\" data-element_type=\"widget\" data-e-type=\"widget\" data-widget_type=\"text-editor.default\">\n\t\t\t\t<div class=\"elementor-widget-container\">\n\t\t\t\t\t\t\t\t\t<p style=\"margin: 0in 0in 0.25in; background-image: initial; background-position: initial; background-size: initial; background-repeat: initial; background-attachment: initial; background-origin: initial; background-clip: initial;\"><span style=\"font-family: Roboto, serif;\"><span style=\"font-size: 15.3333px; letter-spacing: 0.533333px;\">Es dar esperanza a los supervivientes y a sus hijos cultivando comunidades seguras.<\/span><\/span><\/p>\t\t\t\t\t\t\t\t<\/div>\n\t\t\t\t<\/div>\n\t\t\t\t\t<\/div>\n\t\t<\/div>\n\t\t\t\t\t<\/div>\n\t\t<\/section>\n\t\t\t\t<section class=\"elementor-section elementor-top-section elementor-element elementor-element-1571296 elementor-section-boxed elementor-section-height-default elementor-section-height-default\" data-id=\"1571296\" data-element_type=\"section\" data-e-type=\"section\">\n\t\t\t\t\t\t<div class=\"elementor-container elementor-column-gap-default\">\n\t\t\t\t\t<div class=\"elementor-column elementor-col-100 elementor-top-column elementor-element elementor-element-23d2eba\" data-id=\"23d2eba\" data-element_type=\"column\" data-e-type=\"column\">\n\t\t\t<div class=\"elementor-widget-wrap elementor-element-populated\">\n\t\t\t\t\t\t<div class=\"elementor-element elementor-element-73d7c6b elementor-widget elementor-widget-heading\" data-id=\"73d7c6b\" data-element_type=\"widget\" data-e-type=\"widget\" data-widget_type=\"heading.default\">\n\t\t\t\t<div class=\"elementor-widget-container\">\n\t\t\t\t\t<h2 class=\"elementor-heading-title elementor-size-default\">Nuestros valores<\/h2>\t\t\t\t<\/div>\n\t\t\t\t<\/div>\n\t\t\t\t\t<\/div>\n\t\t<\/div>\n\t\t\t\t\t<\/div>\n\t\t<\/section>\n\t\t\t\t<section class=\"elementor-section elementor-top-section elementor-element elementor-element-00f0d55 elementor-section-boxed elementor-section-height-default elementor-section-height-default\" data-id=\"00f0d55\" data-element_type=\"section\" data-e-type=\"section\">\n\t\t\t\t\t\t<div class=\"elementor-container elementor-column-gap-default\">\n\t\t\t\t\t<div class=\"elementor-column elementor-col-100 elementor-top-column elementor-element elementor-element-5679764\" data-id=\"5679764\" data-element_type=\"column\" data-e-type=\"column\">\n\t\t\t<div class=\"elementor-widget-wrap elementor-element-populated\">\n\t\t\t\t\t\t<div class=\"elementor-element elementor-element-7677ebd elementor-widget elementor-widget-text-editor\" data-id=\"7677ebd\" data-element_type=\"widget\" data-e-type=\"widget\" data-widget_type=\"text-editor.default\">\n\t\t\t\t<div class=\"elementor-widget-container\">\n\t\t\t\t\t\t\t\t\t<p style=\"background: white; margin: 0in 0in .25in 0in;\"><strong><span style=\"font-size: 11.5pt; font-family: 'Roboto',serif; color: #464646; letter-spacing: .4pt;\">CONFIDENCIALIDAD Y SEGURIDAD<\/span><\/strong><span style=\"font-size: 11.5pt; font-family: 'Roboto',serif; color: #464646; letter-spacing: .4pt;\"><strong>:<\/strong> <\/span><span style=\"font-size: 11.5pt; font-family: 'Roboto',serif; color: #464646; letter-spacing: .4pt;\">Es vital que la confidencialidad y la seguridad personal se respeten en todo momento. Por ello, respetamos la privacidad de los clientes, el personal y los voluntarios de VCC. Reivindicamos una atm\u00f3sfera de no violencia emocional, verbal y f\u00edsica en nuestro lugar de trabajo y en nuestros programas.<\/span><\/p><p style=\"background: white; box-sizing: border-box; font-variant-ligatures: normal; font-variant-caps: normal; orphans: 2; widows: 2; -webkit-text-stroke-width: 0px; text-decoration-thickness: initial; text-decoration-style: initial; text-decoration-color: initial; word-spacing: 0px; margin: 0in 0in .25in 0in;\"><strong><span style=\"font-size: 11.5pt; font-family: 'Roboto',serif; color: #464646; letter-spacing: .4pt;\">IGUALDAD Y RESPETO<\/span><\/strong><span style=\"font-size: 11.5pt; font-family: 'Roboto',serif; color: #464646; letter-spacing: .4pt;\"><strong>:<\/strong> Todos los individuos tienen un valor inherente y, por tanto, se les valora por igual. Es esencial honrar nuestras diferencias, as\u00ed como nuestras similitudes. El respeto se refleja en la forma en que tratamos a nuestros clientes, a nosotros mismos y a los miembros de la comunidad. Valoramos las ideas, creencias, opiniones y decisiones de los dem\u00e1s, estemos o no de acuerdo con ellas.<\/span><\/p><p style=\"background: white; box-sizing: border-box; font-variant-ligatures: normal; font-variant-caps: normal; orphans: 2; widows: 2; -webkit-text-stroke-width: 0px; text-decoration-thickness: initial; text-decoration-style: initial; text-decoration-color: initial; word-spacing: 0px; margin: 0in 0in .25in 0in;\"><strong><span style=\"font-size: 11.5pt; font-family: 'Roboto',serif; color: #464646; letter-spacing: .4pt;\">EMPOWERMENT<\/span><\/strong><span style=\"font-size: 11.5pt; font-family: 'Roboto',serif; color: #464646; letter-spacing: .4pt;\"><strong>:<\/strong> Creemos que el empoderamiento empieza por reconocer y saber que, individual y colectivamente, los clientes, el personal y los voluntarios de VCC tienen la fuerza necesaria para realizar los cambios necesarios y alcanzar nuestros objetivos.<\/span><\/p><p style=\"background: white; box-sizing: border-box; font-variant-ligatures: normal; font-variant-caps: normal; orphans: 2; widows: 2; -webkit-text-stroke-width: 0px; text-decoration-thickness: initial; text-decoration-style: initial; text-decoration-color: initial; word-spacing: 0px; margin: 0in 0in .25in 0in;\"><strong><span style=\"font-size: 11.5pt; font-family: 'Roboto',serif; color: #464646; letter-spacing: .4pt;\">RESPONSABILIDAD PERSONAL Y PROFESIONAL<\/span><\/strong><span style=\"font-size: 11.5pt; font-family: 'Roboto',serif; color: #464646; letter-spacing: .4pt;\">: Nos hacemos responsables a nosotros mismos y a los dem\u00e1s de las decisiones y comportamientos tanto en la agencia como en la comunidad. Reconocemos que tomamos decisiones que afectan a otros y a nosotros mismos y lo hacemos con la mayor informaci\u00f3n posible. Nuestro compromiso con la cooperaci\u00f3n y la comunicaci\u00f3n abierta se demuestra en la forma en que abordamos nuestro trabajo.<\/span><\/p><p style=\"background: white; box-sizing: border-box; font-variant-ligatures: normal; font-variant-caps: normal; orphans: 2; widows: 2; -webkit-text-stroke-width: 0px; text-decoration-thickness: initial; text-decoration-style: initial; text-decoration-color: initial; word-spacing: 0px; margin: 0in 0in .25in 0in;\"><strong><span style=\"font-size: 11.5pt; font-family: 'Roboto',serif; color: #464646; letter-spacing: .4pt;\">CAMBIO SOCIAL A TRAV\u00c9S DE LA EDUCACI\u00d3N Y LA PROMOCI\u00d3N<\/span><\/strong><span style=\"font-size: 11.5pt; font-family: 'Roboto',serif; color: #464646; letter-spacing: .4pt;\"><strong>:<\/strong> Prevemos una sociedad no violenta en la que se valore a cada individuo y abogamos por cambios positivos en los sistemas sociales que pueden conducir a la opresi\u00f3n. Nuestro trabajo no terminar\u00e1 hasta que todas las personas de nuestra comunidad reciban el mismo trato, hasta que se respete a cada individuo y se reconozca la dignidad de cada persona. Con este fin, nos educaremos a nosotros mismos y a nuestra comunidad para rechazar la violencia y la opresi\u00f3n en nuestras propias vidas y en las vidas de las personas que nos rodean.<\/span><\/p><p style=\"background: white; box-sizing: border-box; font-variant-ligatures: normal; font-variant-caps: normal; orphans: 2; widows: 2; -webkit-text-stroke-width: 0px; text-decoration-thickness: initial; text-decoration-style: initial; text-decoration-color: initial; word-spacing: 0px; margin: 0in 0in .25in 0in;\"><strong><span style=\"font-size: 11.5pt; font-family: 'Roboto',serif; color: #464646; letter-spacing: .4pt;\">MANTENERNOS A NOSOTROS MISMOS Y A NUESTRAS COMUNIDADES<\/span><\/strong><span style=\"font-size: 11.5pt; font-family: 'Roboto',serif; color: #464646; letter-spacing: .4pt;\"><strong>:<\/strong> Creemos que el bienestar individual es esencial para la salud y el \u00e9xito de la misi\u00f3n de nuestra organizaci\u00f3n. Nuestro objetivo es crear un entorno que favorezca el bienestar de mente, cuerpo y esp\u00edritu para nosotros mismos, nuestros clientes y nuestras comunidades. Para ello, creamos espacios y habilidades para el autocuidado, invertimos en nuestras comunidades y apoyamos la sostenibilidad medioambiental.<\/span><\/p>\t\t\t\t\t\t\t\t<\/div>\n\t\t\t\t<\/div>\n\t\t\t\t\t<\/div>\n\t\t<\/div>\n\t\t\t\t\t<\/div>\n\t\t<\/section>\n\t\t\t\t<\/div>","protected":false},"excerpt":{"rendered":"<p>Mission, Vision, &amp; Values Our Mission Valley Crisis Center and our associated programs seek to prevent domestic and sexual violence, and human trafficking by advocating for positive changes in the societal systems that may lead to oppression, fostering a better understanding of domestic and sexual violence, and human trafficking through community education, and providing direct [&hellip;]<\/p>\n<a href=\"https:\/\/valleycrisiscenter.org\/es\/about\/mission-vision-values\/\" class=\"more-link\">Read more<span class=\"screen-reader-text\"> about \"Mission Vision Values\"<\/span> <span class=\"meta-nav\">\u2192<\/span><\/a>","protected":false},"author":6,"featured_media":0,"parent":12355,"menu_order":0,"comment_status":"closed","ping_status":"closed","template":"elementor_header_footer","meta":{"footnotes":""},"class_list":["post-12350","page","type-page","status-publish","hentry"],"_links":{"self":[{"href":"https:\/\/valleycrisiscenter.org\/es\/wp-json\/wp\/v2\/pages\/12350","targetHints":{"allow":["GET"]}}],"collection":[{"href":"https:\/\/valleycrisiscenter.org\/es\/wp-json\/wp\/v2\/pages"}],"about":[{"href":"https:\/\/valleycrisiscenter.org\/es\/wp-json\/wp\/v2\/types\/page"}],"author":[{"embeddable":true,"href":"https:\/\/valleycrisiscenter.org\/es\/wp-json\/wp\/v2\/users\/6"}],"replies":[{"embeddable":true,"href":"https:\/\/valleycrisiscenter.org\/es\/wp-json\/wp\/v2\/comments?post=12350"}],"version-history":[{"count":10,"href":"https:\/\/valleycrisiscenter.org\/es\/wp-json\/wp\/v2\/pages\/12350\/revisions"}],"predecessor-version":[{"id":15082,"href":"https:\/\/valleycrisiscenter.org\/es\/wp-json\/wp\/v2\/pages\/12350\/revisions\/15082"}],"up":[{"embeddable":true,"href":"https:\/\/valleycrisiscenter.org\/es\/wp-json\/wp\/v2\/pages\/12355"}],"wp:attachment":[{"href":"https:\/\/valleycrisiscenter.org\/es\/wp-json\/wp\/v2\/media?parent=12350"}],"curies":[{"name":"wp","href":"https:\/\/api.w.org\/{rel}","templated":true}]}}